{"id":308,"date":"2017-07-05T12:40:03","date_gmt":"2017-07-05T12:40:03","guid":{"rendered":"http:\/\/dexter.evatheme.com\/demo\/?page_id=308"},"modified":"2017-11-27T19:50:22","modified_gmt":"2017-11-28T01:50:22","slug":"services-modern","status":"publish","type":"page","link":"https:\/\/hotelpolisuite.com.co\/index.php\/services-modern\/","title":{"rendered":"SERVICIOS"},"content":{"rendered":"<p>[vc_row css=&#8221;.vc_custom_1499258552748{margin-top: 0px !important;margin-bottom: 0px !important;padding-top: 80px !important;padding-bottom: 0px !important;}&#8221;][vc_column width=&#8221;1\/4&#8243;][\/vc_column][vc_column width=&#8221;1\/2&#8243;]<div id=\"ultimate-heading-868569dfc200e7bf1\" class=\"uvc-heading ult-adjust-bottom-margin ultimate-heading-868569dfc200e7bf1 uvc-4908 \" data-hspacer=\"image_only\"  data-halign=\"center\" style=\"text-align:center\"><div class=\"uvc-heading-spacer image_only\" style=\"margin-bottom:0px;\"><img decoding=\"async\" src=\"https:\/\/hotelpolisuite.com.co\/wp-content\/uploads\/2017\/06\/separator1.png\" class=\"ultimate-headings-icon-image\" alt=\"null\" style=\"width:170px\"\/><\/div><div class=\"uvc-main-heading ult-responsive\"  data-ultimate-target='.uvc-heading.ultimate-heading-868569dfc200e7bf1 h2'  data-responsive-json-new='{\"font-size\":\"desktop:52px;tablet:42px;tablet_portrait:32px;mobile_landscape:22px;mobile:22px;\",\"line-height\":\"desktop:62px;tablet:52px;tablet_portrait:42px;mobile_landscape:32px;mobile:32px;\"}' ><h2 style=\"font-family:&#039;Playfair Display&#039;;font-weight:700;color:#222222;margin-top:20px;margin-bottom:20px;\">\u00bfCu\u00e1l habitaci\u00f3n elijes?<\/h2><\/div><\/div><div id=\"ultimate-heading-965569dfc200e7c1b\" class=\"uvc-heading ult-adjust-bottom-margin ultimate-heading-965569dfc200e7c1b uvc-247 \" data-hspacer=\"no_spacer\"  data-halign=\"center\" style=\"text-align:center\"><div class=\"uvc-heading-spacer no_spacer\" style=\"top\"><\/div><div class=\"uvc-sub-heading ult-responsive\"  data-ultimate-target='.uvc-heading.ultimate-heading-965569dfc200e7c1b .uvc-sub-heading '  data-responsive-json-new='{\"font-size\":\"desktop:18px;\",\"line-height\":\"desktop:32px;\"}'  style=\"font-family:&#039;Merriweather&#039;;font-weight:300;color:#606060;\">La experiencia que vivir\u00e1s en nuestras habitaciones especiales, har\u00e1 que quieres regresar, cada una de ellas tiene su encanto y desear\u00e1s volver y disfrutar de todas.<\/p>\n<p>Consiente tu pareja en un deliciosos jacuzzi o en una ba\u00f1era con mucha espuma, no necesitas mucho presupuesto, nuestras tarifas son las mejores del mercado.<\/p>\n<p>Contamos con servicio de bar y confiter\u00eda, adem\u00e1s parqueadero gratis para motos<\/div><\/div>[\/vc_column][vc_column width=&#8221;1\/4&#8243;][\/vc_column][\/vc_row][vc_row css=&#8221;.vc_custom_1499258821390{margin-top: 0px !important;margin-bottom: 0px !important;padding-top: 150px !important;padding-bottom: 40px !important;}&#8221;][vc_column width=&#8221;1\/3&#8243;]<div class=\"ult-new-ib ult-ib-effect-style5  ult-ib-resp   vc_custom_1511375574489\" data-min-width=\"768\" data-max-width=\"900\" style=\"background:#ffffff;\" data-opacity=\"1\" data-hover-opacity=\"0.8\" ><img decoding=\"async\" class=\"ult-new-ib-img\" style=\"opacity:1;\" alt=\"null\" src=\"https:\/\/hotelpolisuite.com.co\/wp-content\/uploads\/2017\/11\/SERVICIOS1.jpg\"   \/><div id=\"interactive-banner-wrap-8745\" class=\"ult-new-ib-desc\" style=\"background:rgba(255,255,255,0.95);\"><h2 class=\"ult-new-ib-title ult-responsive\"  data-ultimate-target='#interactive-banner-wrap-8745 .ult-new-ib-title'  data-responsive-json-new='{\"font-size\":\"desktop:18px;tablet:16px;tablet_portrait:14px;mobile_landscape:14px;mobile:14px;\",\"line-height\":\"desktop:28px;tablet:28px;tablet_portrait:24px;mobile_landscape:24px;mobile:24px;\"}'  style=\"font-family:&#039;Playfair Display&#039;;font-weight:700;color:#222222;\">Habitaci\u00f3n Acuario <\/h2><\/div><\/div><script type=\"text\/javascript\">\r\n\t\t\t(function($){\r\n\t\t\t\t$(document).ready(function(){\r\n\t\t\t\t\t$(\".ult-new-ib\").css(\"opacity\",\"1\");\r\n\t\t\t\t});\r\n\t\t\t})(jQuery);\r\n\t\t\t<\/script><div class=\"ult-new-ib ult-ib-effect-style5  ult-ib-resp   vc_custom_1511375690883\" data-min-width=\"768\" data-max-width=\"900\" style=\"background:#ffffff;\" data-opacity=\"1\" data-hover-opacity=\"0.8\" ><img decoding=\"async\" class=\"ult-new-ib-img\" style=\"opacity:1;\" alt=\"null\" src=\"https:\/\/hotelpolisuite.com.co\/wp-content\/uploads\/2017\/11\/SERVICIOS4.jpg\"   \/><div id=\"interactive-banner-wrap-4168\" class=\"ult-new-ib-desc\" style=\"background:rgba(255,255,255,0.95);\"><h2 class=\"ult-new-ib-title ult-responsive\"  data-ultimate-target='#interactive-banner-wrap-4168 .ult-new-ib-title'  data-responsive-json-new='{\"font-size\":\"desktop:18px;tablet:16px;tablet_portrait:14px;mobile_landscape:14px;mobile:14px;\",\"line-height\":\"desktop:28px;tablet:28px;tablet_portrait:24px;mobile_landscape:24px;mobile:24px;\"}'  style=\"font-family:&#039;Playfair Display&#039;;font-weight:700;color:#222222;\">Habitaci\u00f3n Cl\u00e1sica <\/h2><\/div><\/div><script type=\"text\/javascript\">\r\n\t\t\t(function($){\r\n\t\t\t\t$(document).ready(function(){\r\n\t\t\t\t\t$(\".ult-new-ib\").css(\"opacity\",\"1\");\r\n\t\t\t\t});\r\n\t\t\t})(jQuery);\r\n\t\t\t<\/script>[\/vc_column][vc_column width=&#8221;1\/3&#8243;]<div class=\"ult-new-ib ult-ib-effect-style5  ult-ib-resp   vc_custom_1511375556337\" data-min-width=\"768\" data-max-width=\"900\" style=\"background:#ffffff;\" data-opacity=\"1\" data-hover-opacity=\"0.8\" ><img decoding=\"async\" class=\"ult-new-ib-img\" style=\"opacity:1;\" alt=\"null\" src=\"https:\/\/hotelpolisuite.com.co\/wp-content\/uploads\/2017\/11\/SERVICIOS2.jpg\"   \/><div id=\"interactive-banner-wrap-4100\" class=\"ult-new-ib-desc\" style=\"background:rgba(255,255,255,0.95);\"><h2 class=\"ult-new-ib-title ult-responsive\"  data-ultimate-target='#interactive-banner-wrap-4100 .ult-new-ib-title'  data-responsive-json-new='{\"font-size\":\"desktop:18px;tablet:16px;tablet_portrait:14px;mobile_landscape:14px;mobile:14px;\",\"line-height\":\"desktop:30px;tablet:28px;tablet_portrait:24px;mobile_landscape:24px;mobile:24px;\"}'  style=\"font-family:&#039;Playfair Display&#039;;font-weight:700;color:#222222;\">Habitaci\u00f3n Real<\/h2><\/div><\/div><script type=\"text\/javascript\">\r\n\t\t\t(function($){\r\n\t\t\t\t$(document).ready(function(){\r\n\t\t\t\t\t$(\".ult-new-ib\").css(\"opacity\",\"1\");\r\n\t\t\t\t});\r\n\t\t\t})(jQuery);\r\n\t\t\t<\/script><div class=\"ult-new-ib ult-ib-effect-style5  ult-ib-resp   vc_custom_1511375741426\" data-min-width=\"768\" data-max-width=\"900\" style=\"background:#ffffff;\" data-opacity=\"1\" data-hover-opacity=\"0.8\" ><img decoding=\"async\" class=\"ult-new-ib-img\" style=\"opacity:1;\" alt=\"null\" src=\"https:\/\/hotelpolisuite.com.co\/wp-content\/uploads\/2017\/11\/SERVICIOS5.jpg\"   \/><div id=\"interactive-banner-wrap-1249\" class=\"ult-new-ib-desc\" style=\"background:rgba(255,255,255,0.95);\"><h2 class=\"ult-new-ib-title ult-responsive\"  data-ultimate-target='#interactive-banner-wrap-1249 .ult-new-ib-title'  data-responsive-json-new='{\"font-size\":\"desktop:18px;tablet:16px;tablet_portrait:14px;mobile_landscape:14px;mobile:14px;\",\"line-height\":\"desktop:30px;tablet:28px;tablet_portrait:24px;mobile_landscape:24px;mobile:24px;\"}'  style=\"font-family:&#039;Playfair Display&#039;;font-weight:700;color:#222222;\">Habitaci\u00f3n Manantial <\/h2><\/div><\/div><script type=\"text\/javascript\">\r\n\t\t\t(function($){\r\n\t\t\t\t$(document).ready(function(){\r\n\t\t\t\t\t$(\".ult-new-ib\").css(\"opacity\",\"1\");\r\n\t\t\t\t});\r\n\t\t\t})(jQuery);\r\n\t\t\t<\/script>[\/vc_column][vc_column width=&#8221;1\/3&#8243;]<div class=\"ult-new-ib ult-ib-effect-style5  ult-ib-resp   vc_custom_1511379945525\" data-min-width=\"768\" data-max-width=\"900\" style=\"background:#ffffff;\" data-opacity=\"1\" data-hover-opacity=\"0.8\" ><img decoding=\"async\" class=\"ult-new-ib-img\" style=\"opacity:1;\" alt=\"null\" src=\"https:\/\/hotelpolisuite.com.co\/wp-content\/uploads\/2017\/11\/SERVICIOS3-1.jpg\"   \/><div id=\"interactive-banner-wrap-2099\" class=\"ult-new-ib-desc\" style=\"background:rgba(255,255,255,0.95);\"><h2 class=\"ult-new-ib-title ult-responsive\"  data-ultimate-target='#interactive-banner-wrap-2099 .ult-new-ib-title'  data-responsive-json-new='{\"font-size\":\"desktop:18px;tablet:16px;tablet_portrait:14px;mobile_landscape:14px;mobile:14px;\",\"line-height\":\"desktop:30px;tablet:28px;tablet_portrait:24px;mobile_landscape:24px;mobile:24px;\"}'  style=\"font-family:&#039;Playfair Display&#039;;font-weight:700;color:#222222;\">Habitaci\u00f3n Romana<\/h2><\/div><\/div><script type=\"text\/javascript\">\r\n\t\t\t(function($){\r\n\t\t\t\t$(document).ready(function(){\r\n\t\t\t\t\t$(\".ult-new-ib\").css(\"opacity\",\"1\");\r\n\t\t\t\t});\r\n\t\t\t})(jQuery);\r\n\t\t\t<\/script><div class=\"ult-new-ib ult-ib-effect-style5  ult-ib-resp   vc_custom_1511375775107\" data-min-width=\"768\" data-max-width=\"900\" style=\"background:#ffffff;\" data-opacity=\"1\" data-hover-opacity=\"0.8\" ><img decoding=\"async\" class=\"ult-new-ib-img\" style=\"opacity:1;\" alt=\"null\" src=\"https:\/\/hotelpolisuite.com.co\/wp-content\/uploads\/2017\/11\/SERVICIOS6.jpg\"   \/><div id=\"interactive-banner-wrap-2450\" class=\"ult-new-ib-desc\" style=\"background:rgba(255,255,255,0.95);\"><h2 class=\"ult-new-ib-title ult-responsive\"  data-ultimate-target='#interactive-banner-wrap-2450 .ult-new-ib-title'  data-responsive-json-new='{\"font-size\":\"desktop:18px;tablet:16px;tablet_portrait:14px;mobile_landscape:14px;mobile:14px;\",\"line-height\":\"desktop:30px;tablet:28px;tablet_portrait:24px;mobile_landscape:24px;mobile:24px;\"}'  style=\"font-family:&#039;Playfair Display&#039;;font-weight:700;color:#222222;\">Habitaci\u00f3n Tropical <\/h2><\/div><\/div><script type=\"text\/javascript\">\r\n\t\t\t(function($){\r\n\t\t\t\t$(document).ready(function(){\r\n\t\t\t\t\t$(\".ult-new-ib\").css(\"opacity\",\"1\");\r\n\t\t\t\t});\r\n\t\t\t})(jQuery);\r\n\t\t\t<\/script>[\/vc_column][\/vc_row][vc_row css=&#8221;.vc_custom_1499258552748{margin-top: 0px !important;margin-bottom: 0px !important;padding-top: 80px !important;padding-bottom: 0px !important;}&#8221;][vc_column width=&#8221;1\/4&#8243;][\/vc_column][vc_column width=&#8221;1\/4&#8243;][\/vc_column][\/vc_row]<\/p>\n","protected":false},"excerpt":{"rendered":"<p>[vc_row css=&#8221;.vc_custom_1499258552748{margin-top: 0px !important;margin-bottom: 0px !important;padding-top: 80px !important;padding-bottom: 0px !important;}&#8221;][vc_column width=&#8221;1\/4&#8243;][\/vc_column][vc_column width=&#8221;1\/2&#8243;][\/vc_column][vc_column width=&#8221;1\/4&#8243;][\/vc_column][\/vc_row][vc_row css=&#8221;.vc_custom_1499258821390{margin-top: 0px !important;margin-bottom: 0px !important;padding-top: 150px !important;padding-bottom: 40px !important;}&#8221;][vc_column width=&#8221;1\/3&#8243;][\/vc_column][vc_column width=&#8221;1\/3&#8243;][\/vc_column][vc_column width=&#8221;1\/3&#8243;][\/vc_column][\/vc_row][vc_row css=&#8221;.vc_custom_1499258552748{margin-top: 0px !important;margin-bottom: 0px !important;padding-top: 80px !important;padding-bottom: 0px !important;}&#8221;][vc_column width=&#8221;1\/4&#8243;][\/vc_column][vc_column width=&#8221;1\/4&#8243;][\/vc_column][\/vc_row]<\/p>\n","protected":false},"author":1,"featured_media":0,"parent":0,"menu_order":0,"comment_status":"closed","ping_status":"closed","template":"","meta":{"footnotes":""},"_links":{"self":[{"href":"https:\/\/hotelpolisuite.com.co\/index.php\/wp-json\/wp\/v2\/pages\/308"}],"collection":[{"href":"https:\/\/hotelpolisuite.com.co\/index.php\/wp-json\/wp\/v2\/pages"}],"about":[{"href":"https:\/\/hotelpolisuite.com.co\/index.php\/wp-json\/wp\/v2\/types\/page"}],"author":[{"embeddable":true,"href":"https:\/\/hotelpolisuite.com.co\/index.php\/wp-json\/wp\/v2\/users\/1"}],"replies":[{"embeddable":true,"href":"https:\/\/hotelpolisuite.com.co\/index.php\/wp-json\/wp\/v2\/comments?post=308"}],"version-history":[{"count":22,"href":"https:\/\/hotelpolisuite.com.co\/index.php\/wp-json\/wp\/v2\/pages\/308\/revisions"}],"predecessor-version":[{"id":1045,"href":"https:\/\/hotelpolisuite.com.co\/index.php\/wp-json\/wp\/v2\/pages\/308\/revisions\/1045"}],"wp:attachment":[{"href":"https:\/\/hotelpolisuite.com.co\/index.php\/wp-json\/wp\/v2\/media?parent=308"}],"curies":[{"name":"wp","href":"https:\/\/api.w.org\/{rel}","templated":true}]}}